{"id":9,"date":"2024-07-07T12:38:42","date_gmt":"2024-07-07T12:38:42","guid":{"rendered":"https:\/\/grupo-gedeon.local:55587\/?page_id=9"},"modified":"2024-12-17T16:50:29","modified_gmt":"2024-12-17T16:50:29","slug":"nosotros","status":"publish","type":"page","link":"https:\/\/grupogedeon.com.ar\/?page_id=9","title":{"rendered":"Nosotros"},"content":{"rendered":"<p>[et_pb_section fb_built=\u00bb1&#8243; disabled_on=\u00bbon|on|off\u00bb admin_label=\u00bbInicio\u00bb _builder_version=\u00bb4.27.0&#8243; _module_preset=\u00bb_module_preset=\u00bb background_enable_color=\u00bboff\u00bb use_background_color_gradient=\u00bbon\u00bb background_color_gradient_stops=\u00bbrgba(15,22,102,0.91) 0%|rgba(10,1,1,0.72) 100%\u00bb background_color_gradient_overlays_image=\u00bbon\u00bb background_image=\u00bbhttps:\/\/grupogedeon.com.ar\/wp-content\/uploads\/2024\/07\/2.png\u00bb custom_padding=\u00bb8vw||8vw||true|false\u00bb locked=\u00bboff\u00bb collapsed=\u00bboff\u00bb global_colors_info=\u00bb{}\u00bb][et_pb_row _builder_version=\u00bb4.24.2&#8243; _module_preset=\u00bb5138c454-be54-4233-bd3b-f8e6a8747976&#8243; custom_padding=\u00bb||56px|||\u00bb locked=\u00bboff\u00bb global_colors_info=\u00bb{}\u00bb][et_pb_column type=\u00bb4_4&#8243; _builder_version=\u00bb4.23.1&#8243; _module_preset=\u00bb73121f80-a3ef-4484-8763-c3f18e3c56d2&#8243; global_colors_info=\u00bb{}\u00bb][et_pb_heading title=\u00bbNuestro recurso m\u00e1s importante\u00bb _builder_version=\u00bb4.26.0&#8243; _module_preset=\u00bbddeb8c09-9078-4424-bc15-2efb6572e28e\u00bb title_text_color=\u00bb#FFFFFF\u00bb locked=\u00bboff\u00bb global_colors_info=\u00bb{}\u00bb][\/et_pb_heading][et_pb_text _builder_version=\u00bb4.26.0&#8243; _module_preset=\u00bb0504de1e-f5ff-4281-ba60-cbbe4edf98bc\u00bb text_font=\u00bb&#8211;et_global_heading_font|&#8211;et_global_body_font_weight|||||||\u00bb text_font_size=\u00bb20px\u00bb locked=\u00bboff\u00bb global_colors_info=\u00bb{%22gcid-primary-color%22:%91%22link_text_color%22%93,%22gcid-heading-color%22:%91%22header_text_color%22,%22header_4_text_color%22,%22header_3_text_color%22,%22header_2_text_color%22,%22header_5_text_color%22,%22header_6_text_color%22%93,%22gcid-secondary-color%22:%91%22quote_border_color%22%93}\u00bb]<\/p>\n<p>Nuestros empleados son el coraz\u00f3n de nuestra empresa. Su dedicaci\u00f3n y talento impulsan nuestro \u00e9xito diario. Valoramos su esfuerzo y compromiso, y juntos, construimos un futuro m\u00e1s fuerte y prometedor.<\/p>\n<p>[\/et_pb_text][\/et_pb_column][\/et_pb_row][\/et_pb_section][et_pb_section fb_built=\u00bb1&#8243; disabled_on=\u00bboff|off|on\u00bb admin_label=\u00bbInicio\u00bb _builder_version=\u00bb4.27.0&#8243; _module_preset=\u00bb_module_preset=\u00bb background_enable_color=\u00bboff\u00bb use_background_color_gradient=\u00bbon\u00bb background_color_gradient_stops=\u00bbrgba(15,22,102,0.91) 0%|rgba(10,1,1,0.72) 100%\u00bb background_color_gradient_overlays_image=\u00bbon\u00bb background_image=\u00bbhttps:\/\/grupogedeon.com.ar\/wp-content\/uploads\/2024\/07\/2.png\u00bb custom_padding=\u00bb8vw||8vw||true|false\u00bb locked=\u00bboff\u00bb collapsed=\u00bboff\u00bb global_colors_info=\u00bb{}\u00bb][et_pb_row _builder_version=\u00bb4.24.2&#8243; _module_preset=\u00bb5138c454-be54-4233-bd3b-f8e6a8747976&#8243; custom_padding=\u00bb127px||56px|||\u00bb locked=\u00bboff\u00bb global_colors_info=\u00bb{}\u00bb][et_pb_column type=\u00bb4_4&#8243; _builder_version=\u00bb4.23.1&#8243; _module_preset=\u00bb73121f80-a3ef-4484-8763-c3f18e3c56d2&#8243; global_colors_info=\u00bb{}\u00bb][et_pb_heading title=\u00bbNuestro recurso m\u00e1s importante\u00bb _builder_version=\u00bb4.27.0&#8243; _module_preset=\u00bbddeb8c09-9078-4424-bc15-2efb6572e28e\u00bb title_text_align=\u00bbcenter\u00bb title_text_color=\u00bb#FFFFFF\u00bb custom_padding=\u00bb|35px||35px||true\u00bb title_font_size_phone=\u00bb31px\u00bb locked=\u00bboff\u00bb global_colors_info=\u00bb{}\u00bb][\/et_pb_heading][et_pb_text _builder_version=\u00bb4.27.0&#8243; _module_preset=\u00bb0504de1e-f5ff-4281-ba60-cbbe4edf98bc\u00bb text_font=\u00bb&#8211;et_global_heading_font|&#8211;et_global_body_font_weight|||||||\u00bb text_font_size=\u00bb20px\u00bb locked=\u00bboff\u00bb global_colors_info=\u00bb{%22gcid-primary-color%22:%91%22link_text_color%22%93,%22gcid-heading-color%22:%91%22header_text_color%22,%22header_4_text_color%22,%22header_3_text_color%22,%22header_2_text_color%22,%22header_5_text_color%22,%22header_6_text_color%22%93,%22gcid-secondary-color%22:%91%22quote_border_color%22%93}\u00bb]<\/p>\n<p style=\"text-align: justify;\">Nuestros empleados son el coraz\u00f3n de nuestra empresa. Su dedicaci\u00f3n y talento impulsan nuestro \u00e9xito diario. Valoramos su esfuerzo y compromiso, y juntos, construimos un futuro m\u00e1s fuerte y prometedor.<\/p>\n<p>[\/et_pb_text][\/et_pb_column][\/et_pb_row][\/et_pb_section][et_pb_section fb_built=\u00bb1&#8243; admin_label=\u00bbAbout\u00bb _builder_version=\u00bb4.27.0&#8243; _module_preset=\u00bbdefault\u00bb collapsed=\u00bboff\u00bb global_colors_info=\u00bb{}\u00bb][et_pb_row use_custom_gutter=\u00bbon\u00bb _builder_version=\u00bb4.27.0&#8243; _module_preset=\u00bb048d8e79-b07f-439b-bd57-f41c14f0a56b\u00bb width=\u00bb100%\u00bb max_width=\u00bb537%\u00bb custom_margin=\u00bb-90px||||false|false\u00bb custom_padding_phone=\u00bb0px|0px||0px|false|true\u00bb border_radii=\u00bbon|5px|5px|5px|5px\u00bb box_shadow_style=\u00bbnone\u00bb global_colors_info=\u00bb{}\u00bb][et_pb_column type=\u00bb4_4&#8243; _builder_version=\u00bb4.25.1&#8243; _module_preset=\u00bbdefault\u00bb global_colors_info=\u00bb{}\u00bb][et_pb_image src=\u00bbhttps:\/\/grupogedeon.com.ar\/wp-content\/uploads\/2024\/08\/grupo__gedeon.jpg\u00bb title_text=\u00bbgrupo__gedeon\u00bb _builder_version=\u00bb4.27.0&#8243; _module_preset=\u00bbdefault\u00bb custom_margin=\u00bb|-68px||-52px|false|false\u00bb custom_padding=\u00bb|||0px|false|false\u00bb global_colors_info=\u00bb{}\u00bb][\/et_pb_image][et_pb_text _builder_version=\u00bb4.27.0&#8243; _module_preset=\u00bbdefault\u00bb text_font=\u00bbRaleway||||||||\u00bb max_width=\u00bb81%\u00bb module_alignment=\u00bbcenter\u00bb global_colors_info=\u00bb{}\u00bb]<\/p>\n<p style=\"text-align: center;\"><strong><span class=\"wnd-font-size-110\">Nuestro trabajo se concentra principalmente en la actividad hidrocarbur\u00edfera, especialmente en la construcci\u00f3n de ductos, piping, servicios petroleros y mantenimiento de plantas. <\/span><\/strong><strong><span class=\"wnd-font-size-110\">Actualmente, contamos con un gran equipo de trabajo y estamos en v\u00edas de permanente expansi\u00f3n. <\/span><\/strong><strong><span class=\"wnd-font-size-110\">Disponemos de equipos de \u00faltima generaci\u00f3n en soldadura de alta presi\u00f3n. <\/span><\/strong><strong><span class=\"wnd-font-size-110\">Grupo Gede\u00f3n posee una base de operaciones de 2000 m\u00b2, ubicada en el parque industrial de la localidad de Plottier. <\/span><\/strong><strong><span class=\"wnd-font-size-110\">Contamos con una flota de 70 equipos (pesados y livianos).<\/span><\/strong><\/p>\n<p style=\"text-align: center;\"><strong><span class=\"wnd-font-size-110\">Asimismo, a trav\u00e9s de su Fundaci\u00f3n, el grupo lleva adelante la formaci\u00f3n y capacitaci\u00f3n en oficios de soldadura a estudiantes del \u00faltimo a\u00f1o del nivel medio, en convenio con el Colegio San Jos\u00e9 Obrero de Neuqu\u00e9n Capital.<\/span><\/strong><\/p>\n<p>[\/et_pb_text][\/et_pb_column][\/et_pb_row][\/et_pb_section][et_pb_section fb_built=\u00bb1&#8243; fullwidth=\u00bbon\u00bb _builder_version=\u00bb4.27.0&#8243; _module_preset=\u00bbdefault\u00bb global_colors_info=\u00bb{}\u00bb][et_pb_fullwidth_image src=\u00bbhttps:\/\/grupogedeon.com.ar\/wp-content\/uploads\/2024\/08\/Marcas-gedeon-h-scaled.jpg\u00bb title_text=\u00bbMarcas gedeon h\u00bb _builder_version=\u00bb4.27.0&#8243; _module_preset=\u00bbdefault\u00bb custom_margin=\u00bb||-72px|||\u00bb custom_padding=\u00bb78px|233px|78px|233px|true|true\u00bb global_colors_info=\u00bb{}\u00bb][\/et_pb_fullwidth_image][\/et_pb_section][et_pb_section fb_built=\u00bb1&#8243; admin_label=\u00bbTeam\u00bb _builder_version=\u00bb4.18.0&#8243; _module_preset=\u00bbdefault\u00bb custom_padding=\u00bb0px||0px|||\u00bb locked=\u00bboff\u00bb collapsed=\u00bbon\u00bb global_colors_info=\u00bb{}\u00bb][et_pb_row _builder_version=\u00bb4.18.0&#8243; _module_preset=\u00bb5138c454-be54-4233-bd3b-f8e6a8747976&#8243; custom_padding=\u00bb32px|||||\u00bb locked=\u00bboff\u00bb global_colors_info=\u00bb{}\u00bb][et_pb_column type=\u00bb4_4&#8243; _builder_version=\u00bb4.17.1&#8243; _module_preset=\u00bb73121f80-a3ef-4484-8763-c3f18e3c56d2&#8243; global_colors_info=\u00bb{}\u00bb][et_pb_heading title=\u00bbDirectivos\u00bb _builder_version=\u00bb4.27.0&#8243; _module_preset=\u00bbc33f07d9-41e0-421a-8799-5799df695cce\u00bb title_text_align=\u00bbcenter\u00bb title_font_size_phone=\u00bb26px\u00bb global_colors_info=\u00bb{}\u00bb][\/et_pb_heading][\/et_pb_column][\/et_pb_row][et_pb_row column_structure=\u00bb1_4,1_4,1_4,1_4&#8243; _builder_version=\u00bb4.23&#8243; _module_preset=\u00bb5138c454-be54-4233-bd3b-f8e6a8747976&#8243; custom_margin=\u00bb|auto|-20px|auto||\u00bb custom_padding=\u00bb||63px|||\u00bb global_colors_info=\u00bb{}\u00bb][et_pb_column type=\u00bb1_4&#8243; _builder_version=\u00bb4.17.1&#8243; _module_preset=\u00bb73121f80-a3ef-4484-8763-c3f18e3c56d2&#8243; global_colors_info=\u00bb{}\u00bb][et_pb_team_member name=\u00bbMarco Lizama\u00bb image_url=\u00bbhttps:\/\/grupogedeon.com.ar\/wp-content\/uploads\/2024\/08\/Sin-titulo-2_0003_Capa-4.jpg\u00bb _builder_version=\u00bb4.27.0&#8243; _module_preset=\u00bbb841941a-5107-496a-8886-22612388dd4e\u00bb header_text_align=\u00bbcenter\u00bb header_font_size=\u00bb18px\u00bb body_text_align=\u00bbcenter\u00bb custom_padding=\u00bb20px|13px|20px|13px|true|true\u00bb header_font_size_tablet=\u00bb16px\u00bb locked=\u00bboff\u00bb global_colors_info=\u00bb{%22gcid-36fd78a7-34bc-404d-873c-dafa34efaae5%22:%91%22icon_color%22,%22icon_color%22,%22icon_color%22,%22icon_color%22,%22icon_color%22,%22icon_color%22,%22icon_color%22,%22icon_color%22,%22icon_color%22,%22icon_color%22,%22icon_color%22,%22icon_color%22,%22icon_color%22,%22icon_color%22,%22icon_color%22,%22icon_color%22,%22icon_color%22,%22icon_color%22,%22icon_color%22,%22icon_color%22%93,%22gcid-7cadd8b3-5228-48e4-90c4-212d09232f7b%22:%91%22header_text_color%22,%22header_text_color%22,%22header_text_color%22,%22header_text_color%22,%22header_text_color%22,%22header_text_color%22%93,%22gcid-79b39b81-644f-4ab7-865f-b460373c4fde%22:%91%22position_text_color%22,%22position_text_color%22%93}\u00bb]<\/p>\n<p style=\"text-align: center;\"><strong>CEO <\/strong><\/p>\n<p style=\"text-align: center;\"><strong><span style=\"font-size: small;\">Grupo Gedeon<\/span><\/strong><\/p>\n<p>[\/et_pb_team_member][\/et_pb_column][et_pb_column type=\u00bb1_4&#8243; _builder_version=\u00bb4.17.1&#8243; _module_preset=\u00bb73121f80-a3ef-4484-8763-c3f18e3c56d2&#8243; global_colors_info=\u00bb{}\u00bb][et_pb_team_member name=\u00bbPablo Lizama\u00bb image_url=\u00bbhttps:\/\/grupogedeon.com.ar\/wp-content\/uploads\/2024\/08\/Sin-titulo-2_0000_Relleno-generativo-6.jpg\u00bb _builder_version=\u00bb4.27.0&#8243; _module_preset=\u00bbb841941a-5107-496a-8886-22612388dd4e\u00bb header_font_size=\u00bb18px\u00bb custom_padding=\u00bb20px|14px|20px|14px|true|true\u00bb header_font_size_tablet=\u00bb16px\u00bb locked=\u00bboff\u00bb global_colors_info=\u00bb{%22gcid-36fd78a7-34bc-404d-873c-dafa34efaae5%22:%91%22icon_color%22,%22icon_color%22,%22icon_color%22,%22icon_color%22,%22icon_color%22,%22icon_color%22,%22icon_color%22,%22icon_color%22,%22icon_color%22,%22icon_color%22,%22icon_color%22,%22icon_color%22,%22icon_color%22,%22icon_color%22,%22icon_color%22,%22icon_color%22,%22icon_color%22,%22icon_color%22,%22icon_color%22,%22icon_color%22,%22icon_color%22,%22icon_color%22,%22icon_color%22,%22icon_color%22,%22icon_color%22,%22icon_color%22,%22icon_color%22,%22icon_color%22,%22icon_color%22,%22icon_color%22,%22icon_color%22,%22icon_color%22,%22icon_color%22,%22icon_color%22,%22icon_color%22,%22icon_color%22,%22icon_color%22,%22icon_color%22,%22icon_color%22,%22icon_color%22,%22icon_color%22,%22icon_color%22,%22icon_color%22,%22icon_color%22,%22icon_color%22,%22icon_color%22,%22icon_color%22,%22icon_color%22,%22icon_color%22,%22icon_color%22,%22icon_color%22,%22icon_color%22,%22icon_color%22,%22icon_color%22,%22icon_color%22,%22icon_color%22,%22icon_color%22,%22icon_color%22,%22icon_color%22,%22icon_color%22%93,%22gcid-7cadd8b3-5228-48e4-90c4-212d09232f7b%22:%91%22header_text_color%22,%22header_text_color%22,%22header_text_color%22,%22header_text_color%22,%22header_text_color%22,%22header_text_color%22,%22header_text_color%22,%22header_text_color%22,%22header_text_color%22,%22header_text_color%22,%22header_text_color%22,%22header_text_color%22,%22header_text_color%22,%22header_text_color%22,%22header_text_color%22,%22header_text_color%22,%22header_text_color%22,%22header_text_color%22,%22header_text_color%22,%22header_text_color%22%93,%22gcid-79b39b81-644f-4ab7-865f-b460373c4fde%22:%91%22position_text_color%22,%22position_text_color%22,%22position_text_color%22,%22position_text_color%22,%22position_text_color%22,%22position_text_color%22%93,%22gcid-3e0ae39b-d026-4173-b444-0c785917aeff%22:%91%22position_text_color%22,%22position_text_color%22%93}\u00bb]<\/p>\n<p style=\"text-align: center;\"><strong>Gerente general<\/strong><\/p>\n<p style=\"text-align: center;\"><strong><span style=\"font-size: small;\">Grupo Gedeon<\/span><\/strong><\/p>\n<p>[\/et_pb_team_member][\/et_pb_column][et_pb_column type=\u00bb1_4&#8243; _builder_version=\u00bb4.17.1&#8243; _module_preset=\u00bb73121f80-a3ef-4484-8763-c3f18e3c56d2&#8243; global_colors_info=\u00bb{}\u00bb][et_pb_team_member name=\u00bbSusana Lizama\u00bb image_url=\u00bbhttps:\/\/grupogedeon.com.ar\/wp-content\/uploads\/2024\/08\/Sin-titulo-2_0001_Capa-2.jpg\u00bb _builder_version=\u00bb4.27.0&#8243; _module_preset=\u00bbb841941a-5107-496a-8886-22612388dd4e\u00bb header_font_size=\u00bb18px\u00bb custom_margin=\u00bb|41px||||\u00bb custom_padding=\u00bb20px|15px|20px|15px|true|true\u00bb header_font_size_tablet=\u00bb16px\u00bb locked=\u00bboff\u00bb global_colors_info=\u00bb{%22gcid-36fd78a7-34bc-404d-873c-dafa34efaae5%22:%91%22icon_color%22,%22icon_color%22,%22icon_color%22,%22icon_color%22,%22icon_color%22,%22icon_color%22,%22icon_color%22,%22icon_color%22,%22icon_color%22,%22icon_color%22,%22icon_color%22,%22icon_color%22,%22icon_color%22,%22icon_color%22,%22icon_color%22,%22icon_color%22,%22icon_color%22,%22icon_color%22,%22icon_color%22,%22icon_color%22,%22icon_color%22,%22icon_color%22,%22icon_color%22,%22icon_color%22,%22icon_color%22,%22icon_color%22,%22icon_color%22,%22icon_color%22,%22icon_color%22,%22icon_color%22,%22icon_color%22,%22icon_color%22,%22icon_color%22,%22icon_color%22,%22icon_color%22,%22icon_color%22,%22icon_color%22,%22icon_color%22,%22icon_color%22,%22icon_color%22,%22icon_color%22,%22icon_color%22,%22icon_color%22,%22icon_color%22,%22icon_color%22,%22icon_color%22,%22icon_color%22,%22icon_color%22,%22icon_color%22,%22icon_color%22,%22icon_color%22,%22icon_color%22,%22icon_color%22,%22icon_color%22,%22icon_color%22,%22icon_color%22,%22icon_color%22,%22icon_color%22,%22icon_color%22,%22icon_color%22%93,%22gcid-7cadd8b3-5228-48e4-90c4-212d09232f7b%22:%91%22header_text_color%22,%22header_text_color%22,%22header_text_color%22,%22header_text_color%22,%22header_text_color%22,%22header_text_color%22,%22header_text_color%22,%22header_text_color%22,%22header_text_color%22,%22header_text_color%22,%22header_text_color%22,%22header_text_color%22,%22header_text_color%22,%22header_text_color%22,%22header_text_color%22,%22header_text_color%22,%22header_text_color%22,%22header_text_color%22,%22header_text_color%22,%22header_text_color%22%93,%22gcid-79b39b81-644f-4ab7-865f-b460373c4fde%22:%91%22position_text_color%22,%22position_text_color%22,%22position_text_color%22,%22position_text_color%22,%22position_text_color%22,%22position_text_color%22%93,%22gcid-3e0ae39b-d026-4173-b444-0c785917aeff%22:%91%22position_text_color%22,%22position_text_color%22%93}\u00bb]<\/p>\n<p style=\"text-align: center;\"><strong>Jefa de administraci\u00f3n <\/strong><\/p>\n<p style=\"text-align: center;\"><strong><span style=\"font-size: small;\">Grupo gedeon<\/span><\/strong><\/p>\n<p>[\/et_pb_team_member][\/et_pb_column][et_pb_column type=\u00bb1_4&#8243; _builder_version=\u00bb4.17.1&#8243; _module_preset=\u00bb73121f80-a3ef-4484-8763-c3f18e3c56d2&#8243; global_colors_info=\u00bb{}\u00bb][et_pb_team_member name=\u00bbEnoc Lizama\u00bb image_url=\u00bbhttps:\/\/grupogedeon.com.ar\/wp-content\/uploads\/2024\/08\/Sin-titulo-2_0002_Capa-3.jpg\u00bb _builder_version=\u00bb4.27.0&#8243; _module_preset=\u00bbb841941a-5107-496a-8886-22612388dd4e\u00bb header_font_size=\u00bb18px\u00bb custom_padding=\u00bb20px|15px|20px|15px|true|true\u00bb header_font_size_tablet=\u00bb16px\u00bb locked=\u00bboff\u00bb global_colors_info=\u00bb{%22gcid-36fd78a7-34bc-404d-873c-dafa34efaae5%22:%91%22icon_color%22,%22icon_color%22,%22icon_color%22,%22icon_color%22,%22icon_color%22,%22icon_color%22,%22icon_color%22,%22icon_color%22,%22icon_color%22,%22icon_color%22,%22icon_color%22,%22icon_color%22,%22icon_color%22,%22icon_color%22,%22icon_color%22,%22icon_color%22,%22icon_color%22,%22icon_color%22,%22icon_color%22,%22icon_color%22,%22icon_color%22,%22icon_color%22,%22icon_color%22,%22icon_color%22,%22icon_color%22,%22icon_color%22,%22icon_color%22,%22icon_color%22,%22icon_color%22,%22icon_color%22,%22icon_color%22,%22icon_color%22,%22icon_color%22,%22icon_color%22,%22icon_color%22,%22icon_color%22,%22icon_color%22,%22icon_color%22,%22icon_color%22,%22icon_color%22,%22icon_color%22,%22icon_color%22,%22icon_color%22,%22icon_color%22,%22icon_color%22,%22icon_color%22,%22icon_color%22,%22icon_color%22,%22icon_color%22,%22icon_color%22%93,%22gcid-7cadd8b3-5228-48e4-90c4-212d09232f7b%22:%91%22header_text_color%22,%22header_text_color%22,%22header_text_color%22,%22header_text_color%22,%22header_text_color%22,%22header_text_color%22,%22header_text_color%22,%22header_text_color%22,%22header_text_color%22,%22header_text_color%22,%22header_text_color%22,%22header_text_color%22,%22header_text_color%22,%22header_text_color%22,%22header_text_color%22%93,%22gcid-79b39b81-644f-4ab7-865f-b460373c4fde%22:%91%22position_text_color%22,%22position_text_color%22,%22position_text_color%22,%22position_text_color%22,%22position_text_color%22%93}\u00bb]<\/p>\n<p style=\"text-align: center;\"><strong>Gerente<\/strong><\/p>\n<p style=\"text-align: center;\"><strong><span style=\"font-size: small;\">M&amp;M rental Services SRL<\/span><\/strong><\/p>\n<p>[\/et_pb_team_member][\/et_pb_column][\/et_pb_row][et_pb_row column_structure=\u00bb1_5,1_5,1_5,1_5,1_5&#8243; use_custom_gutter=\u00bbon\u00bb gutter_width=\u00bb2&#8243; make_equal=\u00bbon\u00bb _builder_version=\u00bb4.27.0&#8243; _module_preset=\u00bb5138c454-be54-4233-bd3b-f8e6a8747976&#8243; width=\u00bb57%\u00bb max_width=\u00bb1500px\u00bb module_alignment=\u00bbcenter\u00bb custom_margin=\u00bb|411px||411px||true\u00bb custom_padding=\u00bb0px|||||\u00bb global_colors_info=\u00bb{}\u00bb][et_pb_column type=\u00bb1_5&#8243; _builder_version=\u00bb4.27.0&#8243; _module_preset=\u00bbdefault\u00bb global_colors_info=\u00bb{}\u00bb][\/et_pb_column][et_pb_column type=\u00bb1_5&#8243; _builder_version=\u00bb4.17.1&#8243; _module_preset=\u00bb73121f80-a3ef-4484-8763-c3f18e3c56d2&#8243; global_colors_info=\u00bb{}\u00bb][et_pb_team_member name=\u00bbEdgar D\u00e1vila\u00bb image_url=\u00bbhttps:\/\/grupogedeon.com.ar\/wp-content\/uploads\/2024\/09\/web-gg_0000_Relleno-generativo-2.png\u00bb _builder_version=\u00bb4.27.0&#8243; _module_preset=\u00bbb841941a-5107-496a-8886-22612388dd4e\u00bb header_text_align=\u00bbcenter\u00bb header_font_size=\u00bb18px\u00bb body_text_align=\u00bbcenter\u00bb width=\u00bb100%\u00bb max_width=\u00bb100%\u00bb min_height=\u00bb315px\u00bb custom_margin=\u00bb||27px|-30px||\u00bb custom_padding=\u00bb46px|13px|30px|13px|false|true\u00bb header_font_size_tablet=\u00bb16px\u00bb border_radii_image=\u00bbon|0px|0px|0px|0px\u00bb locked=\u00bboff\u00bb global_colors_info=\u00bb{%22gcid-36fd78a7-34bc-404d-873c-dafa34efaae5%22:%91%22icon_color%22,%22icon_color%22,%22icon_color%22,%22icon_color%22,%22icon_color%22,%22icon_color%22,%22icon_color%22,%22icon_color%22,%22icon_color%22,%22icon_color%22,%22icon_color%22,%22icon_color%22,%22icon_color%22,%22icon_color%22,%22icon_color%22,%22icon_color%22,%22icon_color%22,%22icon_color%22,%22icon_color%22,%22icon_color%22%93,%22gcid-7cadd8b3-5228-48e4-90c4-212d09232f7b%22:%91%22header_text_color%22,%22header_text_color%22,%22header_text_color%22,%22header_text_color%22,%22header_text_color%22,%22header_text_color%22%93,%22gcid-79b39b81-644f-4ab7-865f-b460373c4fde%22:%91%22position_text_color%22,%22position_text_color%22%93}\u00bb]<\/p>\n<p style=\"text-align: center;\">Gerente General<\/p>\n<p style=\"text-align: center;\"><span style=\"font-size: small;\"><strong>Gedeon SRL<\/strong><\/span><\/p>\n<p>[\/et_pb_team_member][\/et_pb_column][et_pb_column type=\u00bb1_5&#8243; _builder_version=\u00bb4.27.0&#8243; _module_preset=\u00bbdefault\u00bb global_colors_info=\u00bb{}\u00bb][et_pb_team_member name=\u00bbGustavo Truchljak\u00bb image_url=\u00bbhttps:\/\/grupogedeon.com.ar\/wp-content\/uploads\/2024\/09\/web-gg_0001_Capa-3.png\u00bb _builder_version=\u00bb4.27.0&#8243; _module_preset=\u00bbb841941a-5107-496a-8886-22612388dd4e\u00bb header_text_align=\u00bbcenter\u00bb header_font_size=\u00bb18px\u00bb body_text_align=\u00bbcenter\u00bb width=\u00bb100%\u00bb max_width=\u00bb100%\u00bb custom_margin=\u00bb|-516px||||\u00bb custom_padding=\u00bb20px|0px|20px|0px|true|true\u00bb header_font_size_tablet=\u00bb16px\u00bb border_width_all_image=\u00bb10px\u00bb border_color_all_image=\u00bb#FFFFFF\u00bb locked=\u00bboff\u00bb global_colors_info=\u00bb{%22gcid-36fd78a7-34bc-404d-873c-dafa34efaae5%22:%91%22icon_color%22,%22icon_color%22,%22icon_color%22,%22icon_color%22,%22icon_color%22,%22icon_color%22,%22icon_color%22,%22icon_color%22,%22icon_color%22,%22icon_color%22,%22icon_color%22,%22icon_color%22,%22icon_color%22,%22icon_color%22,%22icon_color%22,%22icon_color%22,%22icon_color%22,%22icon_color%22,%22icon_color%22,%22icon_color%22%93,%22gcid-7cadd8b3-5228-48e4-90c4-212d09232f7b%22:%91%22header_text_color%22,%22header_text_color%22,%22header_text_color%22,%22header_text_color%22,%22header_text_color%22,%22header_text_color%22%93,%22gcid-79b39b81-644f-4ab7-865f-b460373c4fde%22:%91%22position_text_color%22,%22position_text_color%22%93}\u00bb]<\/p>\n<p style=\"text-align: center;\">Gerente General<\/p>\n<p style=\"text-align: center;\"><span style=\"font-size: small;\"><strong>Welding Energy SRL<\/strong><\/span><\/p>\n<p>[\/et_pb_team_member][\/et_pb_column][et_pb_column type=\u00bb1_5&#8243; _builder_version=\u00bb4.17.1&#8243; _module_preset=\u00bb73121f80-a3ef-4484-8763-c3f18e3c56d2&#8243; global_colors_info=\u00bb{}\u00bb][et_pb_team_member name=\u00bbGimena Albornoz\u00bb image_url=\u00bbhttps:\/\/grupogedeon.com.ar\/wp-content\/uploads\/2024\/12\/web-gg_0002_Capa-1.png\u00bb _builder_version=\u00bb4.27.4&#8243; _module_preset=\u00bbb841941a-5107-496a-8886-22612388dd4e\u00bb header_text_align=\u00bbcenter\u00bb header_font_size=\u00bb18px\u00bb body_text_align=\u00bbcenter\u00bb custom_margin=\u00bb|-20px||||\u00bb custom_padding=\u00bb20px|0px|20px|0px|true|true\u00bb hover_enabled=\u00bb0&#8243; header_font_size_tablet=\u00bb16px\u00bb border_width_all_image=\u00bb12px\u00bb border_color_all_image=\u00bb#FFFFFF\u00bb locked=\u00bboff\u00bb global_colors_info=\u00bb{%22gcid-36fd78a7-34bc-404d-873c-dafa34efaae5%22:%91%22icon_color%22,%22icon_color%22,%22icon_color%22,%22icon_color%22,%22icon_color%22,%22icon_color%22,%22icon_color%22,%22icon_color%22,%22icon_color%22,%22icon_color%22,%22icon_color%22,%22icon_color%22,%22icon_color%22,%22icon_color%22,%22icon_color%22,%22icon_color%22,%22icon_color%22,%22icon_color%22,%22icon_color%22,%22icon_color%22%93,%22gcid-7cadd8b3-5228-48e4-90c4-212d09232f7b%22:%91%22header_text_color%22,%22header_text_color%22,%22header_text_color%22,%22header_text_color%22,%22header_text_color%22,%22header_text_color%22%93,%22gcid-79b39b81-644f-4ab7-865f-b460373c4fde%22:%91%22position_text_color%22,%22position_text_color%22%93}\u00bb title_text=\u00bbweb-gg_0002_Capa-1&#8243; sticky_enabled=\u00bb0&#8243;]<\/p>\n<p style=\"text-align: center;\">Lider RRHH<\/p>\n<p style=\"text-align: center;\"><span style=\"font-size: small;\"><strong>Grupo Gedeon<\/strong><\/span><\/p>\n<p>[\/et_pb_team_member][\/et_pb_column][et_pb_column type=\u00bb1_5&#8243; _builder_version=\u00bb4.17.1&#8243; _module_preset=\u00bb73121f80-a3ef-4484-8763-c3f18e3c56d2&#8243; global_colors_info=\u00bb{}\u00bb][\/et_pb_column][\/et_pb_row][\/et_pb_section]<\/p>\n","protected":false},"excerpt":{"rendered":"<p>Nuestros empleados son el coraz\u00f3n de nuestra empresa. Su dedicaci\u00f3n y talento impulsan nuestro \u00e9xito diario. Valoramos su esfuerzo y compromiso, y juntos, construimos un futuro m\u00e1s fuerte y prometedor.Nuestros empleados son el coraz\u00f3n de nuestra empresa. Su dedicaci\u00f3n y talento impulsan nuestro \u00e9xito diario. Valoramos su esfuerzo y compromiso, y juntos, construimos un futuro [&hellip;]<\/p>\n","protected":false},"author":1,"featured_media":0,"parent":0,"menu_order":0,"comment_status":"closed","ping_status":"closed","template":"","meta":{"_et_pb_use_builder":"on","_et_pb_old_content":"","_et_gb_content_width":"","footnotes":""},"class_list":["post-9","page","type-page","status-publish","hentry"],"_links":{"self":[{"href":"https:\/\/grupogedeon.com.ar\/index.php?rest_route=\/wp\/v2\/pages\/9"}],"collection":[{"href":"https:\/\/grupogedeon.com.ar\/index.php?rest_route=\/wp\/v2\/pages"}],"about":[{"href":"https:\/\/grupogedeon.com.ar\/index.php?rest_route=\/wp\/v2\/types\/page"}],"author":[{"embeddable":true,"href":"https:\/\/grupogedeon.com.ar\/index.php?rest_route=\/wp\/v2\/users\/1"}],"replies":[{"embeddable":true,"href":"https:\/\/grupogedeon.com.ar\/index.php?rest_route=%2Fwp%2Fv2%2Fcomments&post=9"}],"version-history":[{"count":28,"href":"https:\/\/grupogedeon.com.ar\/index.php?rest_route=\/wp\/v2\/pages\/9\/revisions"}],"predecessor-version":[{"id":839,"href":"https:\/\/grupogedeon.com.ar\/index.php?rest_route=\/wp\/v2\/pages\/9\/revisions\/839"}],"wp:attachment":[{"href":"https:\/\/grupogedeon.com.ar\/index.php?rest_route=%2Fwp%2Fv2%2Fmedia&parent=9"}],"curies":[{"name":"wp","href":"https:\/\/api.w.org\/{rel}","templated":true}]}}