{"id":332,"date":"2024-07-15T18:32:52","date_gmt":"2024-07-15T18:32:52","guid":{"rendered":"https:\/\/grupogedeon.com.ar\/?page_id=332"},"modified":"2024-12-17T17:34:48","modified_gmt":"2024-12-17T17:34:48","slug":"welding-energy","status":"publish","type":"page","link":"https:\/\/grupogedeon.com.ar\/?page_id=332","title":{"rendered":"Welding Energy"},"content":{"rendered":"<p>[et_pb_section fb_built=\u00bb1&#8243; disabled_on=\u00bbon|on|off\u00bb _builder_version=\u00bb4.27.4&#8243; _module_preset=\u00bbdefault\u00bb background_image=\u00bbhttps:\/\/grupogedeon.com.ar\/wp-content\/uploads\/2024\/12\/123.png\u00bb custom_margin=\u00bb-1px|||||\u00bb custom_padding=\u00bb350px||17px||false|\u00bb global_colors_info=\u00bb{}\u00bb][et_pb_row _builder_version=\u00bb4.27.0&#8243; _module_preset=\u00bbdefault\u00bb transform_translate=\u00bb0px|-89px\u00bb transform_translate_linked=\u00bboff\u00bb global_colors_info=\u00bb{}\u00bb][et_pb_column type=\u00bb4_4&#8243; _builder_version=\u00bb4.27.0&#8243; _module_preset=\u00bbdefault\u00bb global_colors_info=\u00bb{}\u00bb][et_pb_image src=\u00bbhttps:\/\/grupogedeon.com.ar\/wp-content\/uploads\/2024\/09\/logo-weldin-v2.png\u00bb title_text=\u00bblogo weldin v2&#8243; align=\u00bbcenter\u00bb _builder_version=\u00bb4.27.0&#8243; _module_preset=\u00bbdefault\u00bb custom_padding=\u00bb|317px||317px||true\u00bb global_colors_info=\u00bb{}\u00bb][\/et_pb_image][et_pb_text _builder_version=\u00bb4.27.0&#8243; _module_preset=\u00bbdefault\u00bb text_font=\u00bb&#8211;et_global_heading_font|&#8211;et_global_body_font_weight|||||||\u00bb text_text_color=\u00bb#FFFFFF\u00bb header_text_align=\u00bbjustify\u00bb text_orientation=\u00bbjustified\u00bb global_colors_info=\u00bb{%22gcid-primary-color%22:%91%22link_text_color%22%93,%22gcid-heading-color%22:%91%22header_text_color%22,%22header_4_text_color%22,%22header_3_text_color%22,%22header_2_text_color%22,%22header_5_text_color%22,%22header_6_text_color%22,%22quote_text_color%22%93,%22gcid-secondary-color%22:%91%22quote_border_color%22%93}\u00bb]<\/p>\n<p>En <strong>Welding Energy<\/strong>, somos una empresa l\u00edder en el sector industrial, comprometida con proporcionar soluciones integrales y de alta calidad. Con una vasta experiencia, nos especializamos en servicios de ductos, piping, obras civiles, infraestructura, metalurgia pesada y mantenimiento. Nuestro equipo de expertos trabaja incansablemente para garantizar la eficiencia y seguridad en cada proyecto, adapt\u00e1ndonos a las necesidades espec\u00edficas de nuestros clientes. Nos enorgullece ser un socio confiable y vers\u00e1til, dedicado a impulsar el progreso y el desarrollo en diversas industrias. Conf\u00ede en <strong>Welding Energy<\/strong> para llevar sus proyectos al siguiente nivel con soluciones innovadoras y eficientes.<\/p>\n<p>[\/et_pb_text][\/et_pb_column][\/et_pb_row][et_pb_row _builder_version=\u00bb4.27.4&#8243; _module_preset=\u00bbdefault\u00bb global_colors_info=\u00bb{}\u00bb custom_margin=\u00bb-72px|auto||auto||\u00bb][et_pb_column type=\u00bb4_4&#8243; _builder_version=\u00bb4.27.4&#8243; _module_preset=\u00bbdefault\u00bb global_colors_info=\u00bb{}\u00bb][et_pb_image src=\u00bbhttps:\/\/grupogedeon.com.ar\/wp-content\/uploads\/2024\/12\/pie-pestanas-gedeon.png\u00bb title_text=\u00bbpie pesta\u00f1as gedeon\u00bb _builder_version=\u00bb4.27.4&#8243; _module_preset=\u00bbdefault\u00bb hover_enabled=\u00bb0&#8243; global_colors_info=\u00bb{}\u00bb module_alignment=\u00bbcenter\u00bb width=\u00bb42%\u00bb sticky_enabled=\u00bb0&#8243; custom_padding=\u00bb0px|||||\u00bb][\/et_pb_image][\/et_pb_column][\/et_pb_row][\/et_pb_section][et_pb_section fb_built=\u00bb1&#8243; disabled_on=\u00bboff|off|on\u00bb _builder_version=\u00bb4.27.4&#8243; _module_preset=\u00bbdefault\u00bb background_image=\u00bbhttps:\/\/grupogedeon.com.ar\/wp-content\/uploads\/2024\/12\/123.png\u00bb custom_margin=\u00bb-1px|||||\u00bb custom_padding=\u00bb240px|0px|4px||false|\u00bb global_colors_info=\u00bb{}\u00bb][et_pb_row _builder_version=\u00bb4.27.0&#8243; _module_preset=\u00bbdefault\u00bb transform_translate=\u00bb0px|-89px\u00bb transform_translate_linked=\u00bboff\u00bb width=\u00bb86%\u00bb module_alignment=\u00bbcenter\u00bb height_tablet=\u00bb\u00bb height_phone=\u00bb\u00bb height_last_edited=\u00bbon|phone\u00bb custom_margin=\u00bb|||||true\u00bb custom_padding=\u00bb0px|0px|0px|0px||true\u00bb module_alignment_tablet=\u00bbcenter\u00bb module_alignment_phone=\u00bbcenter\u00bb module_alignment_last_edited=\u00bbon|phone\u00bb global_colors_info=\u00bb{}\u00bb][et_pb_column type=\u00bb4_4&#8243; _builder_version=\u00bb4.27.0&#8243; _module_preset=\u00bbdefault\u00bb global_colors_info=\u00bb{}\u00bb][et_pb_image src=\u00bbhttps:\/\/grupogedeon.com.ar\/wp-content\/uploads\/2024\/09\/logo-weldin-v2.png\u00bb title_text=\u00bblogo weldin v2&#8243; align=\u00bbcenter\u00bb force_fullwidth=\u00bbon\u00bb _builder_version=\u00bb4.27.0&#8243; _module_preset=\u00bbdefault\u00bb background_enable_color=\u00bboff\u00bb background_enable_image=\u00bboff\u00bb background_size=\u00bbcustom\u00bb background_image_width=\u00bb61%\u00bb module_alignment=\u00bbcenter\u00bb min_height=\u00bb100%\u00bb height=\u00bb100%\u00bb max_height=\u00bb646px\u00bb custom_margin=\u00bb|||||true\u00bb custom_padding=\u00bb0px|65px|0px|65px|false|true\u00bb border_radii=\u00bbon|0px|0px|0px|0px\u00bb global_colors_info=\u00bb{}\u00bb][\/et_pb_image][et_pb_text _builder_version=\u00bb4.27.0&#8243; _module_preset=\u00bbdefault\u00bb text_font=\u00bb&#8211;et_global_heading_font|&#8211;et_global_body_font_weight|||||||\u00bb text_text_color=\u00bb#FFFFFF\u00bb header_text_align=\u00bbjustify\u00bb text_orientation=\u00bbjustified\u00bb global_colors_info=\u00bb{%22gcid-primary-color%22:%91%22link_text_color%22%93,%22gcid-heading-color%22:%91%22header_text_color%22,%22header_4_text_color%22,%22header_3_text_color%22,%22header_2_text_color%22,%22header_5_text_color%22,%22header_6_text_color%22,%22quote_text_color%22%93,%22gcid-secondary-color%22:%91%22quote_border_color%22%93}\u00bb]<\/p>\n<p>En <strong>Welding Energy<\/strong>, somos una empresa l\u00edder en el sector industrial, comprometida con proporcionar soluciones integrales y de alta calidad. Con una vasta experiencia, nos especializamos en servicios de ductos, piping, obras civiles, infraestructura, metalurgia pesada y mantenimiento. Nuestro equipo de expertos trabaja incansablemente para garantizar la eficiencia y seguridad en cada proyecto, adapt\u00e1ndonos a las necesidades espec\u00edficas de nuestros clientes. Nos enorgullece ser un socio confiable y vers\u00e1til, dedicado a impulsar el progreso y el desarrollo en diversas industrias. Conf\u00ede en <strong>Welding Energy<\/strong> para llevar sus proyectos al siguiente nivel con soluciones innovadoras y eficientes.<\/p>\n<p>[\/et_pb_text][\/et_pb_column][\/et_pb_row][et_pb_row _builder_version=\u00bb4.27.4&#8243; _module_preset=\u00bbdefault\u00bb custom_padding=\u00bb0px|||||\u00bb global_colors_info=\u00bb{}\u00bb][et_pb_column type=\u00bb4_4&#8243; _builder_version=\u00bb4.27.4&#8243; _module_preset=\u00bbdefault\u00bb global_colors_info=\u00bb{}\u00bb][et_pb_image src=\u00bbhttps:\/\/grupogedeon.com.ar\/wp-content\/uploads\/2024\/12\/pie-pestanas-gedeon.png\u00bb title_text=\u00bbpie pesta\u00f1as gedeon\u00bb _builder_version=\u00bb4.27.4&#8243; _module_preset=\u00bbdefault\u00bb module_alignment=\u00bbcenter\u00bb global_colors_info=\u00bb{}\u00bb][\/et_pb_image][\/et_pb_column][\/et_pb_row][\/et_pb_section][et_pb_section fb_built=\u00bb1&#8243; _builder_version=\u00bb4.27.0&#8243; _module_preset=\u00bbdefault\u00bb custom_padding=\u00bb48px|||||\u00bb locked=\u00bboff\u00bb global_colors_info=\u00bb{}\u00bb][et_pb_row column_structure=\u00bb1_4,1_4,1_4,1_4&#8243; use_custom_gutter=\u00bbon\u00bb gutter_width=\u00bb2&#8243; make_equal=\u00bbon\u00bb _builder_version=\u00bb4.27.0&#8243; _module_preset=\u00bbdefault\u00bb custom_padding=\u00bb||0px|||\u00bb global_colors_info=\u00bb{}\u00bb][et_pb_column type=\u00bb1_4&#8243; _builder_version=\u00bb4.27.0&#8243; _module_preset=\u00bbdefault\u00bb global_colors_info=\u00bb{}\u00bb][et_pb_image src=\u00bbhttps:\/\/grupogedeon.com.ar\/wp-content\/uploads\/2024\/08\/foto-1.png\u00bb title_text=\u00bbfoto 1&#8243; _builder_version=\u00bb4.27.0&#8243; _module_preset=\u00bbdefault\u00bb min_height=\u00bb238.5px\u00bb global_colors_info=\u00bb{}\u00bb][\/et_pb_image][\/et_pb_column][et_pb_column type=\u00bb1_4&#8243; _builder_version=\u00bb4.27.0&#8243; _module_preset=\u00bbdefault\u00bb global_colors_info=\u00bb{}\u00bb][et_pb_image src=\u00bbhttps:\/\/grupogedeon.com.ar\/wp-content\/uploads\/2024\/08\/foto-3.png\u00bb title_text=\u00bbfoto 3&#8243; _builder_version=\u00bb4.27.0&#8243; _module_preset=\u00bbdefault\u00bb global_colors_info=\u00bb{}\u00bb][\/et_pb_image][\/et_pb_column][et_pb_column type=\u00bb1_4&#8243; _builder_version=\u00bb4.27.0&#8243; _module_preset=\u00bbdefault\u00bb global_colors_info=\u00bb{}\u00bb][et_pb_image src=\u00bbhttps:\/\/grupogedeon.com.ar\/wp-content\/uploads\/2024\/08\/7-e1724786822182.jpeg\u00bb title_text=\u00bb7&#8243; _builder_version=\u00bb4.27.0&#8243; _module_preset=\u00bbdefault\u00bb global_colors_info=\u00bb{}\u00bb][\/et_pb_image][\/et_pb_column][et_pb_column type=\u00bb1_4&#8243; _builder_version=\u00bb4.27.0&#8243; _module_preset=\u00bbdefault\u00bb global_colors_info=\u00bb{}\u00bb][et_pb_button button_url=\u00bb@ET-DC@eyJkeW5hbWljIjp0cnVlLCJjb250ZW50IjoicG9zdF9saW5rX3VybF9wYWdlIiwic2V0dGluZ3MiOnsicG9zdF9pZCI6IjYxNyJ9fQ==@\u00bb button_text=\u00bbVer galer\u00eda completa\u00bb _builder_version=\u00bb4.27.0&#8243; _dynamic_attributes=\u00bbbutton_url\u00bb _module_preset=\u00bbdefault\u00bb button_text_color=\u00bb#000000&#8243; button_bg_color=\u00bbRGBA(255,255,255,0)\u00bb button_border_width=\u00bb2px\u00bb button_border_color=\u00bb#000000&#8243; button_letter_spacing=\u00bb0px\u00bb button_icon=\u00bb&#x35;||divi||400&#8243; button_icon_color=\u00bb#000000&#8243; custom_margin=\u00bb98px|||||\u00bb global_colors_info=\u00bb{}\u00bb][\/et_pb_button][\/et_pb_column][\/et_pb_row][\/et_pb_section]<\/p>\n","protected":false},"excerpt":{"rendered":"<p>En Welding Energy, somos una empresa l\u00edder en el sector industrial, comprometida con proporcionar soluciones integrales y de alta calidad. Con una vasta experiencia, nos especializamos en servicios de ductos, piping, obras civiles, infraestructura, metalurgia pesada y mantenimiento. Nuestro equipo de expertos trabaja incansablemente para garantizar la eficiencia y seguridad en cada proyecto, adapt\u00e1ndonos a [&hellip;]<\/p>\n","protected":false},"author":1,"featured_media":0,"parent":0,"menu_order":0,"comment_status":"closed","ping_status":"closed","template":"","meta":{"_et_pb_use_builder":"on","_et_pb_old_content":"","_et_gb_content_width":"","footnotes":""},"class_list":["post-332","page","type-page","status-publish","hentry"],"_links":{"self":[{"href":"https:\/\/grupogedeon.com.ar\/index.php?rest_route=\/wp\/v2\/pages\/332"}],"collection":[{"href":"https:\/\/grupogedeon.com.ar\/index.php?rest_route=\/wp\/v2\/pages"}],"about":[{"href":"https:\/\/grupogedeon.com.ar\/index.php?rest_route=\/wp\/v2\/types\/page"}],"author":[{"embeddable":true,"href":"https:\/\/grupogedeon.com.ar\/index.php?rest_route=\/wp\/v2\/users\/1"}],"replies":[{"embeddable":true,"href":"https:\/\/grupogedeon.com.ar\/index.php?rest_route=%2Fwp%2Fv2%2Fcomments&post=332"}],"version-history":[{"count":41,"href":"https:\/\/grupogedeon.com.ar\/index.php?rest_route=\/wp\/v2\/pages\/332\/revisions"}],"predecessor-version":[{"id":866,"href":"https:\/\/grupogedeon.com.ar\/index.php?rest_route=\/wp\/v2\/pages\/332\/revisions\/866"}],"wp:attachment":[{"href":"https:\/\/grupogedeon.com.ar\/index.php?rest_route=%2Fwp%2Fv2%2Fmedia&parent=332"}],"curies":[{"name":"wp","href":"https:\/\/api.w.org\/{rel}","templated":true}]}}